{"id":23,"date":"2015-08-10T09:49:22","date_gmt":"2015-08-10T09:49:22","guid":{"rendered":"http:\/\/www.bahai.dk\/litteratur\/?page_id=23"},"modified":"2015-11-17T18:55:17","modified_gmt":"2015-11-17T18:55:17","slug":"velkommen","status":"publish","type":"page","link":"https:\/\/www.bahai.dk\/litteratur\/","title":{"rendered":"Velkommen"},"content":{"rendered":"<p>Bah\u00e1\u2019\u00ed l\u00e6ren bygger p\u00e5 skrifter fra B\u00e1b, Bah\u00e1\u2019u\u2019ll\u00e1h og \u2018Abdu\u2019l-Bah\u00e1. Dertil kommer en stor m\u00e6ngde b\u00f8ger og breve skrevet af troens institutioner og enkeltpersoner, men disse tager alle udgangspunkt i og refererer tilbage til skrifterne fra de tre n\u00e6vnte hovedpersoner.<\/p>\n<p>Udover skrifterne fra de tre centrale figurer betragtes tekster af Shoghi Effendi (troens leder fra 1921 til 1957) og Det Universelle Retf\u00e6rdighedens Hus (troens ledende institution) som autoritative.<\/p>\n<p>Dansk Bah\u00e1&#8217;\u00ed Forlag<\/p>\n","protected":false},"excerpt":{"rendered":"<p>Bah\u00e1\u2019\u00ed l\u00e6ren bygger p\u00e5 skrifter fra B\u00e1b, Bah\u00e1\u2019u\u2019ll\u00e1h og \u2018Abdu\u2019l-Bah\u00e1. Dertil kommer en stor m\u00e6ngde b\u00f8ger og breve skrevet af troens institutioner og enkeltpersoner, men disse tager alle udgangspunkt i og refererer tilbage til skrifterne fra de tre n\u00e6vnte hovedpersoner. Udover skrifterne fra de tre centrale figurer betragtes tekster af Shoghi Effendi (troens leder fra &hellip; <a href=\"https:\/\/www.bahai.dk\/litteratur\/\" class=\"more-link\">L\u00e6s mere <span class=\"screen-reader-text\">Velkommen<\/span><\/a><\/p>\n","protected":false},"author":5,"featured_media":0,"parent":0,"menu_order":0,"comment_status":"closed","ping_status":"closed","template":"","meta":{"footnotes":""},"yoast_head":"<!-- This site is optimized with the Yoast SEO plugin v22.6 - https:\/\/yoast.com\/wordpress\/plugins\/seo\/ -->\n<title>Velkommen - Bah\u00e1&#039;\u00ed litteratur<\/title>\n<meta name=\"robots\" content=\"index, follow, max-snippet:-1, max-image-preview:large, max-video-preview:-1\" \/>\n<link rel=\"canonical\" href=\"https:\/\/www.bahai.dk\/litteratur\/\" \/>\n<meta property=\"og:locale\" content=\"da_DK\" \/>\n<meta property=\"og:type\" content=\"article\" \/>\n<meta property=\"og:title\" content=\"Velkommen - Bah\u00e1&#039;\u00ed litteratur\" \/>\n<meta property=\"og:description\" content=\"Bah\u00e1\u2019\u00ed l\u00e6ren bygger p\u00e5 skrifter fra B\u00e1b, Bah\u00e1\u2019u\u2019ll\u00e1h og \u2018Abdu\u2019l-Bah\u00e1. Dertil kommer en stor m\u00e6ngde b\u00f8ger og breve skrevet af troens institutioner og enkeltpersoner, men disse tager alle udgangspunkt i og refererer tilbage til skrifterne fra de tre n\u00e6vnte hovedpersoner. Udover skrifterne fra de tre centrale figurer betragtes tekster af Shoghi Effendi (troens leder fra &hellip; L\u00e6s mere Velkommen\" \/>\n<meta property=\"og:url\" content=\"https:\/\/www.bahai.dk\/litteratur\/\" \/>\n<meta property=\"og:site_name\" content=\"Bah\u00e1&#039;\u00ed litteratur\" \/>\n<meta property=\"article:modified_time\" content=\"2015-11-17T18:55:17+00:00\" \/>\n<script type=\"application\/ld+json\" class=\"yoast-schema-graph\">{\"@context\":\"https:\/\/schema.org\",\"@graph\":[{\"@type\":\"WebPage\",\"@id\":\"https:\/\/www.bahai.dk\/litteratur\/\",\"url\":\"https:\/\/www.bahai.dk\/litteratur\/\",\"name\":\"Velkommen - Bah\u00e1&#039;\u00ed litteratur\",\"isPartOf\":{\"@id\":\"https:\/\/www.bahai.dk\/litteratur\/#website\"},\"datePublished\":\"2015-08-10T09:49:22+00:00\",\"dateModified\":\"2015-11-17T18:55:17+00:00\",\"breadcrumb\":{\"@id\":\"https:\/\/www.bahai.dk\/litteratur\/#breadcrumb\"},\"inLanguage\":\"da-DK\",\"potentialAction\":[{\"@type\":\"ReadAction\",\"target\":[\"https:\/\/www.bahai.dk\/litteratur\/\"]}]},{\"@type\":\"BreadcrumbList\",\"@id\":\"https:\/\/www.bahai.dk\/litteratur\/#breadcrumb\",\"itemListElement\":[{\"@type\":\"ListItem\",\"position\":1,\"name\":\"Home\",\"item\":\"https:\/\/www.bahai.dk\/litteratur\/\"},{\"@type\":\"ListItem\",\"position\":2,\"name\":\"Velkommen\"}]},{\"@type\":\"WebSite\",\"@id\":\"https:\/\/www.bahai.dk\/litteratur\/#website\",\"url\":\"https:\/\/www.bahai.dk\/litteratur\/\",\"name\":\"Bah\u00e1&#039;\u00ed litteratur\",\"description\":\"Dansk Bah\u00e1&#039;\u00ed Forlag\",\"potentialAction\":[{\"@type\":\"SearchAction\",\"target\":{\"@type\":\"EntryPoint\",\"urlTemplate\":\"https:\/\/www.bahai.dk\/litteratur\/?s={search_term_string}\"},\"query-input\":\"required name=search_term_string\"}],\"inLanguage\":\"da-DK\"}]}<\/script>\n<!-- \/ Yoast SEO plugin. -->","yoast_head_json":{"title":"Velkommen - Bah\u00e1&#039;\u00ed litteratur","robots":{"index":"index","follow":"follow","max-snippet":"max-snippet:-1","max-image-preview":"max-image-preview:large","max-video-preview":"max-video-preview:-1"},"canonical":"https:\/\/www.bahai.dk\/litteratur\/","og_locale":"da_DK","og_type":"article","og_title":"Velkommen - Bah\u00e1&#039;\u00ed litteratur","og_description":"Bah\u00e1\u2019\u00ed l\u00e6ren bygger p\u00e5 skrifter fra B\u00e1b, Bah\u00e1\u2019u\u2019ll\u00e1h og \u2018Abdu\u2019l-Bah\u00e1. Dertil kommer en stor m\u00e6ngde b\u00f8ger og breve skrevet af troens institutioner og enkeltpersoner, men disse tager alle udgangspunkt i og refererer tilbage til skrifterne fra de tre n\u00e6vnte hovedpersoner. Udover skrifterne fra de tre centrale figurer betragtes tekster af Shoghi Effendi (troens leder fra &hellip; L\u00e6s mere Velkommen","og_url":"https:\/\/www.bahai.dk\/litteratur\/","og_site_name":"Bah\u00e1&#039;\u00ed litteratur","article_modified_time":"2015-11-17T18:55:17+00:00","schema":{"@context":"https:\/\/schema.org","@graph":[{"@type":"WebPage","@id":"https:\/\/www.bahai.dk\/litteratur\/","url":"https:\/\/www.bahai.dk\/litteratur\/","name":"Velkommen - Bah\u00e1&#039;\u00ed litteratur","isPartOf":{"@id":"https:\/\/www.bahai.dk\/litteratur\/#website"},"datePublished":"2015-08-10T09:49:22+00:00","dateModified":"2015-11-17T18:55:17+00:00","breadcrumb":{"@id":"https:\/\/www.bahai.dk\/litteratur\/#breadcrumb"},"inLanguage":"da-DK","potentialAction":[{"@type":"ReadAction","target":["https:\/\/www.bahai.dk\/litteratur\/"]}]},{"@type":"BreadcrumbList","@id":"https:\/\/www.bahai.dk\/litteratur\/#breadcrumb","itemListElement":[{"@type":"ListItem","position":1,"name":"Home","item":"https:\/\/www.bahai.dk\/litteratur\/"},{"@type":"ListItem","position":2,"name":"Velkommen"}]},{"@type":"WebSite","@id":"https:\/\/www.bahai.dk\/litteratur\/#website","url":"https:\/\/www.bahai.dk\/litteratur\/","name":"Bah\u00e1&#039;\u00ed litteratur","description":"Dansk Bah\u00e1&#039;\u00ed Forlag","potentialAction":[{"@type":"SearchAction","target":{"@type":"EntryPoint","urlTemplate":"https:\/\/www.bahai.dk\/litteratur\/?s={search_term_string}"},"query-input":"required name=search_term_string"}],"inLanguage":"da-DK"}]}},"_links":{"self":[{"href":"https:\/\/www.bahai.dk\/litteratur\/wp-json\/wp\/v2\/pages\/23"}],"collection":[{"href":"https:\/\/www.bahai.dk\/litteratur\/wp-json\/wp\/v2\/pages"}],"about":[{"href":"https:\/\/www.bahai.dk\/litteratur\/wp-json\/wp\/v2\/types\/page"}],"author":[{"embeddable":true,"href":"https:\/\/www.bahai.dk\/litteratur\/wp-json\/wp\/v2\/users\/5"}],"replies":[{"embeddable":true,"href":"https:\/\/www.bahai.dk\/litteratur\/wp-json\/wp\/v2\/comments?post=23"}],"version-history":[{"count":3,"href":"https:\/\/www.bahai.dk\/litteratur\/wp-json\/wp\/v2\/pages\/23\/revisions"}],"predecessor-version":[{"id":520,"href":"https:\/\/www.bahai.dk\/litteratur\/wp-json\/wp\/v2\/pages\/23\/revisions\/520"}],"wp:attachment":[{"href":"https:\/\/www.bahai.dk\/litteratur\/wp-json\/wp\/v2\/media?parent=23"}],"curies":[{"name":"wp","href":"https:\/\/api.w.org\/{rel}","templated":true}]}}